{"id":2887,"date":"2022-12-07T10:07:00","date_gmt":"2022-12-07T09:07:00","guid":{"rendered":"https:\/\/projectspaces-berlin.net\/?page_id=2887"},"modified":"2022-12-09T16:47:27","modified_gmt":"2022-12-09T15:47:27","slug":"stipendien-2022","status":"publish","type":"page","link":"https:\/\/projectspaces-berlin.net\/en\/stipendien-2022\/","title":{"rendered":"Stipendien 2022"},"content":{"rendered":"\n<p>55 Stipendien f\u00fcr Betreiber*innen von Projektr\u00e4umen 2022 vergeben<br><br>Im Jahr 2022 wurden einmalig Recherchestipendien f\u00fcr Betreiber*innen von k\u00fcnstlerische Projektr\u00e4ume und \u2013initiativen vergeben. Es standen 55 Stipendien 144 g\u00fcltigen Antr\u00e4gen gegen\u00fcber.<br><br>Folgende Projektr\u00e4ume und -initiativen wurden von der Jury ausgew\u00e4hlt:<\/p>\n\n\n\n<p>Amoussouvi, Aouefa \/ TIER \u2013 The Institute for Endotic Research<br>Aussoleil, Harley Agnes \/ COVEN BERLIN<br>Bartolini, Gaia (Allegra Solitude) \/ Liebig12<br>Bell, Carrick \/ Horse &amp; Pony + Xanadu<br>Beschow, Burkhard \/ Sangt Hipolyt<br>Blanco, Juan \/ Projektraum 101<br>Blank, Thea \/ Selbstuniversit\u00e4t e.V. \/ Raumerweiterungshalle<br>Burcak, Ipek \/ Well Gedacht Publishing<br>Degen, Flavio \/ +DEDE<br>Disqu\u00e9, Michael \/ Kleiner Raum f\u00fcr aktuelles Nichts<br>Endewardt, Stefan \/ Kotti-Shop, Assemblage e.V.<br>Esam, Thomas \/ Number 1 Main Road<br>Esterhazy, Amelie-Kathrin \/ O P E N Berlin<br>Gerhardt, Ulrike \/ D\u2019EST<br>Gertler, April \/ WIRWIR (D\u00e9rive UG)<br>Granoux, Pierre \/ LAGE EGAL<br>Herrmann, Sabine \/ Verein der Berliner K\u00fcnstlerinnen 1867 e.V.<br>Hohmann, Olga \/ Medium P<br>Holl-Trieu, Stephanie \/ Ashley Berlin<br>Kernebeck, Werner \/ NEON KUNST<br>Kline, Christopher \/ Kinderhook &amp; Caracas<br>Kloss, Stephanie \/ Die M\u00f6glichkeit einer Insel<br>Kruhl, Stephan \/ Zwitschermaschine \/ Second Collective e.V.<br>Lengerer, Achim \/ Scriptings Projektraum<br>Liebig, Lorenz \/ Scherben e.V<br>Ludwig, Lukas \/ anorak<br>L\u00fctcke, Linus \/ Spoiler Aktionsraum<br>Mayer, Matthias \/ Spor Kl\u00fcb\u00fc<br>Merkel, Anna Maria \/ soft power<br>M\u00f8ller, Lotte \/ die raum<br>Nara, Nabi \/ SOMA Art Space<br>Nemeth, Hajnal \/ YELLOW SOLO Projektraum<br>Peitz, Linda \/ CCCCCOMA<br>Perry, Mooni \/ Moonwen culture &amp; media GbR<br>Pfelder \/ Projektraum Kurt-Kurt<br>Pfreundt, Heiko \/ Kreuzberg Pavillon<br>Przybilla, Dag \/ glue<br>Rannoch, Roseline \/ DOOM SPA<br>Ring, Susanne \/ HilbertRaum<br>Sadzinski, Sylvia \/ alpha nova &amp; galerie futura<br>Sakrowski, Robert \/ panke.gallery \u2013 Verein f\u00fcr k\u00fcnstlerisch-kulturelle Bildung<br>Sangenstedt, Ina \/ Atelierhaus Prenzlauer Promenade e.V.<br>Schmalhorst, Clemens \/ the Gimp<br>Seidel, Laura \/ Neun Kelche e.V.<br>Seidl, Stefanie \/ Berlin Weekly<br>Sherill, Yael \/ Curatorial Collective for Public Art (CCPA)<br>Sonneck, Elisabeth \/ super bien! Gew\u00e4chshaus f\u00fcr zeitgen\u00f6ssische Kunst<br>Stalbohm, Julian Carl \/ Projektraum Mavra<br>Stamogianni, Jorgina \/ Centrum<br>Steven, Lee \/ Teile\/ 2o46 e.V.<br>Straub, Jaro \/ Scharaun<br>Streeck, Bj\u00f6rn \/ SOX<br>Verhille, James \/ gr_und<br>Westermann, Anke \/ BRIX<br>Wolf, Zoe \/ Sternschuppen (Pavillon der Volksb\u00fchne am Rosa-Luxemburg-Platz)<\/p>\n\n\n\n<p><\/p>\n\n\n\n<p>Der Jury, welche die 55 Stipendiat*innen ausgew\u00e4hlt hat, geh\u00f6rten an:<br>Celina Basra, Tu\u00e7e Erel, Beate Scheder, Gisela Wrede, Christof Zwiener.<\/p>\n\n\n\n<p>Der Staatssekret\u00e4r Dr. Torsten W\u00f6hlert dankt der Jury f\u00fcr deren kompetente Arbeit und gratuliert allen Stipendiat*innen.<\/p>\n\n\n\n<p><a href=\"https:\/\/www.berlin.de\/sen\/kulteu\/aktuelles\/pressemitteilungen\/2022\/pressemitteilung.1242638.php\">Quelle<\/a><br><\/p>\n\n\n\n<p><\/p>\n\n\n\n<p><br><br><\/p>\n","protected":false},"excerpt":{"rendered":"<p>55 Stipendien f\u00fcr Betreiber*innen von Projektr\u00e4umen 2022 vergeben Im Jahr 2022 wurden einmalig Recherchestipendien f\u00fcr Betreiber*innen von k\u00fcnstlerische Projektr\u00e4ume und \u2013initiativen vergeben. Es standen 55 Stipendien 144 g\u00fcltigen Antr\u00e4gen gegen\u00fcber. Folgende Projektr\u00e4ume und -initiativen wurden von der Jury ausgew\u00e4hlt: Amoussouvi, Aouefa \/ TIER \u2013 The Institute for Endotic ResearchAussoleil, Harley Agnes \/ COVEN BERLINBartolini, Gaia [&hellip;]<\/p>\n","protected":false},"author":4,"featured_media":0,"parent":0,"menu_order":0,"comment_status":"closed","ping_status":"closed","template":"","meta":{"footnotes":""},"acf":[],"_links":{"self":[{"href":"https:\/\/projectspaces-berlin.net\/en\/wp-json\/wp\/v2\/pages\/2887"}],"collection":[{"href":"https:\/\/projectspaces-berlin.net\/en\/wp-json\/wp\/v2\/pages"}],"about":[{"href":"https:\/\/projectspaces-berlin.net\/en\/wp-json\/wp\/v2\/types\/page"}],"author":[{"embeddable":true,"href":"https:\/\/projectspaces-berlin.net\/en\/wp-json\/wp\/v2\/users\/4"}],"replies":[{"embeddable":true,"href":"https:\/\/projectspaces-berlin.net\/en\/wp-json\/wp\/v2\/comments?post=2887"}],"version-history":[{"count":4,"href":"https:\/\/projectspaces-berlin.net\/en\/wp-json\/wp\/v2\/pages\/2887\/revisions"}],"predecessor-version":[{"id":2898,"href":"https:\/\/projectspaces-berlin.net\/en\/wp-json\/wp\/v2\/pages\/2887\/revisions\/2898"}],"wp:attachment":[{"href":"https:\/\/projectspaces-berlin.net\/en\/wp-json\/wp\/v2\/media?parent=2887"}],"curies":[{"name":"wp","href":"https:\/\/api.w.org\/{rel}","templated":true}]}}